{"id":116,"date":"2026-01-19T10:22:13","date_gmt":"2026-01-19T10:22:13","guid":{"rendered":"https:\/\/gapskplus.org\/?page_id=116"},"modified":"2026-02-28T04:53:22","modified_gmt":"2026-02-28T04:53:22","slug":"tieu-chi-cham-diem-va-giai-thuong","status":"publish","type":"page","link":"https:\/\/gapskplus.org\/vi\/tieu-chi-cham-diem-va-giai-thuong\/","title":{"rendered":"Ti\u00eau ch\u00ed \u0111\u00e1nh gi\u00e1 v\u00e0 gi\u1ea3i th\u01b0\u1edfng"},"content":{"rendered":"<div data-elementor-type=\"wp-page\" data-elementor-id=\"116\" class=\"elementor elementor-116\">\n\t\t\t\t<div class=\"elementor-element elementor-element-33c64120 e-flex e-con-boxed e-con e-parent\" data-id=\"33c64120\" data-element_type=\"container\">\n\t\t\t\t\t<div class=\"e-con-inner\">\n\t\t\t\t<div class=\"elementor-element elementor-element-24a3c7ed elementor-widget elementor-widget-text-editor\" data-id=\"24a3c7ed\" data-element_type=\"widget\" data-widget_type=\"text-editor.default\">\n\t\t\t\t<div class=\"elementor-widget-container\">\n\t\t\t\t\t\t\t\t\t<p><span style=\"color: #000000;\"><!-- \/wp:paragraph --><!-- wp:heading {\"level\":3} --><\/span><\/p>\n<h3 style=\"text-align: center;\"><span style=\"color: #3366ff;\"><strong>Ti\u00eau ch\u00ed \u0111\u00e1nh gi\u00e1<\/strong><\/span><\/h3>\n<p><span style=\"color: #000000;\"><!-- \/wp:heading --><!-- wp:paragraph --><\/span><\/p>\n<h4><span style=\"color: #000000;\">C\u00e1c nh\u00f3m thi \u0111\u1ea5u \u0111\u01b0\u1ee3c chia th\u00e0nh nh\u00f3m tr\u1ebb em (4-6 tu\u1ed5i), nh\u00f3m thi\u1ebfu nhi (7-9 tu\u1ed5i) v\u00e0 nh\u00f3m thi\u1ebfu ni\u00ean (10-12 tu\u1ed5i). Ti\u00eau ch\u00ed ch\u1ea5m \u0111i\u1ec3m c\u1ee7a m\u1ed7i nh\u00f3m \u0111\u01b0\u1ee3c th\u1ef1c hi\u1ec7n theo c\u00e1c ti\u00eau ch\u00ed sau:<\/span><\/h4>\n<h3><strong>Nh\u00f3m ti\u1ebfng Trung<\/strong><\/h3>\n<p><span style=\"color: #000000;\"><!-- \/wp:paragraph --><!-- wp:table --><\/span><\/p>\n<figure class=\"wp-block-table\">\n<table style=\"height: 387px; width: 430px;\">\n<tbody>\n<tr>\n<td width=\"88\"><strong>\u0110\u00e1nh gi\u00e1<\/strong><\/td>\n<td width=\"60\"><strong>Ph\u00e2n ph\u1ed1i \u0111i\u1ec3m<\/strong><\/td>\n<td width=\"141\"><strong>N\u1ed9i dung \u0111\u00e1nh gi\u00e1<\/strong><\/td>\n<\/tr>\n<tr>\n<td width=\"88\">Di\u1ec5n gi\u1ea3i ch\u1ee7 \u0111\u1ec1<\/td>\n<td width=\"60\">30%<\/td>\n<td width=\"141\">N\u1ed5i b\u1eadt ch\u1ee7 \u0111\u1ec1 xuy\u00ean su\u1ed1t<\/td>\n<\/tr>\n<tr>\n<td width=\"88\">Th\u1ec3 hi\u1ec7n c\u1ea3m x\u00fac<\/td>\n<td width=\"60\">25%<\/td>\n<td width=\"141\">Chuy\u1ec3n \u0111\u1ed5i c\u1ea3m x\u00fac c\u01a1 b\u1ea3n sang \u00fd c\u1ea3nh<\/td>\n<\/tr>\n<tr>\n<td width=\"88\">Bi\u1ec3u di\u1ec5n phong c\u00e1ch<\/td>\n<td width=\"60\">25%<\/td>\n<td width=\"141\">C\u1ea5p \u0111\u1ed9 nh\u1ecbp \u0111i\u1ec7u \u00e2m l\u01b0\u1ee3ng v\u1eeba ph\u1ea3i<\/td>\n<\/tr>\n<tr>\n<td width=\"88\">Ph\u00e1t \u00e2m<\/td>\n<td width=\"60\">10%<\/td>\n<td width=\"141\">\u00c2m s\u1eafc trong tr\u1ebbo, gi\u1ecdng n\u00f3i \u1ea5m \u00e1p<\/td>\n<\/tr>\n<tr>\n<td width=\"88\">Hi\u1ec7u su\u1ea5t t\u1ed5ng th\u1ec3<\/td>\n<td width=\"60\">10%<\/td>\n<td width=\"141\">Typhoon's graceful and composed demeanor<\/td>\n<\/tr>\n<\/tbody>\n<\/table>\n<\/figure>\n<p><span style=\"color: #000000;\"><!-- \/wp:table --><!-- wp:heading {\"level\":3} --><\/span><\/p>\n<h3><strong>Nh\u00f3m ti\u1ebfng Anh<\/strong><\/h3>\n<p><!-- wp:table --><\/p>\n<figure class=\"wp-block-table\">\n<table style=\"height: 387px; width: 430px;\">\n<tbody>\n<tr>\n<td width=\"88\"><strong>\u0110\u00e1nh gi\u00e1<\/strong><\/td>\n<td width=\"60\"><strong>Ph\u00e2n ph\u1ed1i \u0111i\u1ec3m<\/strong><\/td>\n<\/tr>\n<tr>\n<td width=\"88\">S\u1ef1 r\u00f5 r\u00e0ng trong l\u1eddi n\u00f3i<\/td>\n<td width=\"60\">30%<\/td>\n<\/tr>\n<tr>\n<td width=\"88\">Gi\u1ea3i th\u00edch<\/td>\n<td width=\"60\">50%<\/td>\n<\/tr>\n<tr>\n<td width=\"88\">Nh\u1eadn th\u1ee9c c\u1ee7a kh\u00e1n gi\u1ea3<\/td>\n<td width=\"60\">20%<\/td>\n<\/tr>\n<\/tbody>\n<\/table>\n<\/figure>\n<p><span style=\"color: #000000;\"><!-- \/wp:table --><\/span><\/p>\n<h3>\u00a0<\/h3>\n<h3 style=\"text-align: center;\"><span style=\"color: #3366ff;\"><strong>Gi\u1ea3i th\u01b0\u1edfng cu\u1ed9c thi<\/strong><\/span><\/h3>\n<p><span style=\"color: #000000;\"><!-- \/wp:heading --><!-- wp:quote --><\/span><\/p>\n<blockquote>\n<h4>M\u1ed7i h\u1ea1ng m\u1ee5c c\u1ee7a cu\u1ed9c thi s\u1ebd c\u00f3 gi\u1ea3i nh\u1ea5t, nh\u00ec, ba v\u00e0 gi\u1ea3i khuy\u1ebfn kh\u00edch. C\u00e1c th\u00ed sinh \u0111o\u1ea1t gi\u1ea3i s\u1ebd nh\u1eadn \u0111\u01b0\u1ee3c huy ch\u01b0\u01a1ng, ch\u1ee9ng ch\u1ec9 v\u00e0 c\u00e1c ph\u1ea7n th\u01b0\u1edfng kh\u00e1c, chi ti\u1ebft nh\u01b0 sau:<\/h4>\n<\/blockquote>\n<p><span style=\"color: #000000;\"><!-- \/wp:quote --><!-- wp:table --><\/span><\/p>\n<figure class=\"wp-block-table\">\n<table style=\"height: 360px; width: 100%;\">\n<tbody>\n<tr>\n<td><strong>Giai \u0111o\u1ea1n thi \u0111\u1ea5u<\/strong><\/td>\n<td><strong>t\u00ecnh h\u00ecnh<\/strong><\/td>\n<td><strong>Gi\u1ea3i th\u01b0\u1edfng<\/strong><\/td>\n<td><strong>N\u1ed9i dung khen th\u01b0\u1edfng<\/strong><\/td>\n<\/tr>\n<tr>\n<td rowspan=\"2\">B\u00e1n k\u1ebft<\/td>\n<td>V\u00e0o b\u00e1n k\u1ebft nh\u01b0ng kh\u00f4ng tham gia<\/td>\n<td>Gi\u1ea5y ch\u1ee9ng nh\u1eadn l\u1ecdt v\u00e0o b\u00e1n k\u1ebft (10 \u0111\u00f4 la M\u1ef9)<\/td>\n<td>Ch\u1ee9ng ch\u1ec9 \u0111i\u1ec7n t\u1eed<\/td>\n<\/tr>\n<tr>\n<td>Tham gia nh\u01b0ng kh\u00f4ng l\u1ecdt v\u00e0o v\u00f2ng chung k\u1ebft<\/td>\n<td>Gi\u1ea3i th\u01b0\u1edfng t\u1ed1t<\/td>\n<td>Ch\u1ee9ng ch\u1ec9 \u0111i\u1ec7n t\u1eed<\/td>\n<\/tr>\n<tr>\n<td rowspan=\"4\">tr\u1eadn chung k\u1ebft<\/td>\n<td rowspan=\"4\">V\u00e0o chung k\u1ebft<\/td>\n<td>champion<\/td>\n<td>Ch\u1ee9ng ch\u1ec9 + huy ch\u01b0\u01a1ng + 2 v\u00e9 m\u00e1y bay mi\u1ec5n ph\u00ed \u0111\u1ebfn H\u1ed3ng K\u00f4ng<\/td>\n<\/tr>\n<tr>\n<td>\u00c1 qu\u00e2n<\/td>\n<td>Ch\u1ee9ng ch\u1ec9 + Huy ch\u01b0\u01a1ng<\/td>\n<\/tr>\n<tr>\n<td>h\u1ea1ng ba<\/td>\n<td>Ch\u1ee9ng ch\u1ec9 + Huy ch\u01b0\u01a1ng<\/td>\n<\/tr>\n<tr>\n<td>Gi\u1ea3i th\u01b0\u1edfng xu\u1ea5t s\u1eafc<\/td>\n<td>Ch\u1ee9ng ch\u1ec9 \u0111i\u1ec7n t\u1eed<\/td>\n<\/tr>\n<\/tbody>\n<\/table>\n<\/figure>\n<p><span style=\"color: #000000;\"><!-- \/wp:table --><\/span><\/p>\n<ul>\n<li style=\"list-style-type: none;\">\n<ul><!-- wp:list-item --><\/ul>\n<\/li>\n<li>\n<h4><span style=\"color: #000000;\">Ban t\u1ed5 ch\u1ee9c s\u1ebd g\u1eedi th\u01b0 m\u1eddi ch\u00ednh th\u1ee9c \u0111\u1ebfn c\u00e1c th\u00ed sinh qu\u1ed1c t\u1ebf gi\u00e0nh chi\u1ebfn th\u1eafng trong m\u1ed7i h\u1ea1ng m\u1ee5c (v\u00f4 \u0111\u1ecbch, \u00e1 qu\u00e2n, h\u1ea1ng ba v\u00e0 gi\u1ea3i khuy\u1ebfn kh\u00edch) \u0111\u1ec3 tham d\u1ef1 l\u1ec5 trao gi\u1ea3i v\u00e0 ch\u01b0\u01a1ng tr\u00ecnh trao \u0111\u1ed5i h\u1ecdc t\u1eadp t\u1ea1i H\u1ed3ng K\u00f4ng.<\/span><\/h4>\n<\/li>\n<li>\n<h4><span style=\"color: #000000;\">T\u1ea5t c\u1ea3 c\u00e1c ng\u01b0\u1eddi chi\u1ebfn th\u1eafng v\u00e0 m\u1ed9t ng\u01b0\u1eddi \u0111i c\u00f9ng s\u1ebd \u0111\u01b0\u1ee3c m\u1eddi \u0111\u1ebfn Hong Kong tham d\u1ef1 chuy\u1ebfn tham quan giao l\u01b0u 3 ng\u00e0y 2 \u0111\u00eam v\u00e0 l\u1ec5 trao gi\u1ea3i. Ng\u01b0\u1eddi chi\u1ebfn th\u1eafng gi\u1ea3i nh\u1ea5t s\u1ebd \u0111\u01b0\u1ee3c t\u1eb7ng v\u00e9 m\u00e1y bay kh\u1ee9 h\u1ed3i mi\u1ec5n ph\u00ed v\u00e0 mi\u1ec5n to\u00e0n b\u1ed9 chi ph\u00ed chuy\u1ebfn tham quan; c\u00e1c ng\u01b0\u1eddi chi\u1ebfn th\u1eafng kh\u00e1c s\u1ebd \u0111\u01b0\u1ee3c mi\u1ec5n to\u00e0n b\u1ed9 chi ph\u00ed chuy\u1ebfn tham quan (tr\u1eeb v\u00e9 m\u00e1y bay).<\/span><\/h4>\n<\/li>\n<li>\n<h4><span style=\"color: #000000;\">N\u1ebfu kh\u00f4ng tham gia v\u00f2ng b\u00e1n k\u1ebft, b\u1ea1n c\u00f3 th\u1ec3 ch\u1ecdn \u0111\u0103ng k\u00fd \"Gi\u1ea5y ch\u1ee9ng nh\u1eadn l\u1ecdt v\u00e0o v\u00f2ng b\u00e1n k\u1ebft\" (10 USD\/ng\u01b0\u1eddi\/m\u1ed7i h\u1ea1ng m\u1ee5c).<\/span><\/h4>\n<\/li>\n<li>\n<h4><span style=\"color: #000000;\">Ban t\u1ed5 ch\u1ee9c \u0111\u00e3 thi\u1ebft l\u1eadp gi\u1ea3i th\u01b0\u1edfng \"T\u1ed5 ch\u1ee9c \u0111\u00e0o t\u1ea1o xu\u1ea5t s\u1eafc nh\u1ea5t\" v\u00e0 \"Gi\u00e1o vi\u00ean h\u01b0\u1edbng d\u1eabn xu\u1ea5t s\u1eafc nh\u1ea5t\", c\u1ea3 hai \u0111\u1ec1u d\u1ef1a tr\u00ean t\u1ed5ng \u0111i\u1ec3m gi\u1ea3i th\u01b0\u1edfng c\u1ee7a h\u1ecdc sinh tham gia l\u00e0m ti\u00eau ch\u00ed \u0111\u00e1nh gi\u00e1.<\/span><\/h4>\n<\/li>\n<li>\n<h4><span style=\"color: #000000;\">M\u1ed7i h\u1ecdc sinh tham gia cu\u1ed9c thi s\u1ebd nh\u1eadn \u0111\u01b0\u1ee3c ch\u1ee9ng ch\u1ec9 do Ban t\u1ed5 ch\u1ee9c cu\u1ed9c thi \u0111\u1ecdc thu\u1ed9c l\u00f2ng GAPSK v\u00e0 Vi\u1ec7n nghi\u00ean c\u1ee9u gi\u00e1o d\u1ee5c ng\u00f4n ng\u1eef \u0110\u1ea1i h\u1ecdc B\u1eafc Kinh c\u1ea5p.<\/span><!-- \/wp:list-item --><!-- wp:list-item --><!-- \/wp:list-item --><!-- wp:list-item --><\/h4>\n<\/li>\n<li style=\"list-style-type: none;\">\u00a0<\/li>\n<li style=\"list-style-type: none;\">\u00a0<\/li>\n<\/ul>\n<p><!-- \/wp:list-item --><\/p>\n<p><!-- \/wp:list --><\/p>\t\t\t\t\t\t\t\t<\/div>\n\t\t\t\t<\/div>\n\t\t\t\t\t<\/div>\n\t\t\t\t<\/div>\n\t\t<div class=\"elementor-element elementor-element-faac009 e-flex e-con-boxed e-con e-parent\" data-id=\"faac009\" data-element_type=\"container\">\n\t\t\t\t\t<div class=\"e-con-inner\">\n\t\t\t\t<div class=\"elementor-element elementor-element-79fb921 elementor-align-center elementor-widget elementor-widget-button\" data-id=\"79fb921\" data-element_type=\"widget\" data-widget_type=\"button.default\">\n\t\t\t\t<div class=\"elementor-widget-container\">\n\t\t\t\t\t\t\t\t\t<div class=\"elementor-button-wrapper\">\n\t\t\t\t\t<a class=\"elementor-button elementor-button-link elementor-size-sm\" href=\"https:\/\/gapskplus.org\/zh_hk\/form\/\">\n\t\t\t\t\t\t<span class=\"elementor-button-content-wrapper\">\n\t\t\t\t\t\t\t\t\t<span class=\"elementor-button-text\">\u0110\u0103ng k\u00fd ngay<\/span>\n\t\t\t\t\t<\/span>\n\t\t\t\t\t<\/a>\n\t\t\t\t<\/div>\n\t\t\t\t\t\t\t\t<\/div>\n\t\t\t\t<\/div>\n\t\t\t\t\t<\/div>\n\t\t\t\t<\/div>\n\t\t\t\t<\/div>","protected":false},"excerpt":{"rendered":"<p>\u8a55\u5206\u6e96\u5247 \u6bd4\u8cfd\u7d44\u5225\u5206\u5e7c\u5152\u7d44(4-6\u6b72)\u3001\u5c11\u5152\u7d44(7-9\u6b72)\u53ca\u5c11\u5e74\u7d44(10-12\u6b72)\uff0c\u5404\u7d44\u5225\u7684\u8a55\u5206\u6e96\u5247\u5747\u5faa\u4ee5\u4e0b\u6e96 [&hellip;] [&hellip;]<\/p>","protected":false},"author":1,"featured_media":0,"parent":0,"menu_order":0,"comment_status":"closed","ping_status":"closed","template":"","meta":{"_monsterinsights_skip_tracking":false,"_monsterinsights_sitenote_active":false,"_monsterinsights_sitenote_note":"","_monsterinsights_sitenote_category":0,"footnotes":""},"class_list":["post-116","page","type-page","status-publish","hentry"],"_links":{"self":[{"href":"https:\/\/gapskplus.org\/vi\/wp-json\/wp\/v2\/pages\/116","targetHints":{"allow":["GET"]}}],"collection":[{"href":"https:\/\/gapskplus.org\/vi\/wp-json\/wp\/v2\/pages"}],"about":[{"href":"https:\/\/gapskplus.org\/vi\/wp-json\/wp\/v2\/types\/page"}],"author":[{"embeddable":true,"href":"https:\/\/gapskplus.org\/vi\/wp-json\/wp\/v2\/users\/1"}],"replies":[{"embeddable":true,"href":"https:\/\/gapskplus.org\/vi\/wp-json\/wp\/v2\/comments?post=116"}],"version-history":[{"count":62,"href":"https:\/\/gapskplus.org\/vi\/wp-json\/wp\/v2\/pages\/116\/revisions"}],"predecessor-version":[{"id":2845,"href":"https:\/\/gapskplus.org\/vi\/wp-json\/wp\/v2\/pages\/116\/revisions\/2845"}],"wp:attachment":[{"href":"https:\/\/gapskplus.org\/vi\/wp-json\/wp\/v2\/media?parent=116"}],"curies":[{"name":"wp","href":"https:\/\/api.w.org\/{rel}","templated":true}]}}