{"id":128,"date":"2026-01-19T10:33:48","date_gmt":"2026-01-19T10:33:48","guid":{"rendered":"https:\/\/gapskplus.org\/?page_id=128"},"modified":"2026-02-28T04:37:26","modified_gmt":"2026-02-28T04:37:26","slug":"ban-giam-khao-cuoc-thi","status":"publish","type":"page","link":"https:\/\/gapskplus.org\/vi\/ban-giam-khao-cuoc-thi\/","title":{"rendered":"Ban gi\u00e1m kh\u1ea3o cu\u1ed9c thi"},"content":{"rendered":"<div data-elementor-type=\"wp-page\" data-elementor-id=\"128\" class=\"elementor elementor-128\">\n\t\t\t\t<div class=\"elementor-element elementor-element-7bb0544 e-flex e-con-boxed e-con e-parent\" data-id=\"7bb0544\" data-element_type=\"container\">\n\t\t\t\t\t<div class=\"e-con-inner\">\n\t\t\t\t<div class=\"elementor-element elementor-element-3936866e elementor-widget elementor-widget-text-editor\" data-id=\"3936866e\" data-element_type=\"widget\" data-widget_type=\"text-editor.default\">\n\t\t\t\t<div class=\"elementor-widget-container\">\n\t\t\t\t\t\t\t\t\t<h2 class=\"wp-block-heading\">Nh\u00f3m ti\u1ebfng Trung:<\/h2>\n<table style=\"border-collapse: collapse; width: 100%; height: 57px;\">\n<tbody>\n<tr style=\"height: 25px;\">\n<td style=\"width: 50%; height: 25px;\">\n<h3><img fetchpriority=\"high\" decoding=\"async\" class=\"size-medium wp-image-142 aligncenter\" src=\"https:\/\/gapskplus.org\/wp-content\/uploads\/2026\/01\/\u8a55\u5be9\u5718_\u5f35\u4e39\u6559\u6388_profile-pic-300x300.png\" alt=\"\" width=\"300\" height=\"300\" srcset=\"\" sizes=\"(max-width: 300px) 100vw, 300px\" data-srcset=\"\" \/><\/h3>\n<\/td>\n<td style=\"width: 50%; height: 19px;\">\n<h3><strong>Gi\u00e1o s\u01b0 Zhang Dan <\/strong><\/h3>\n<ul>\n \t<li><strong>Nghi\u00ean c\u1ee9u vi\u00ean t\u1ea1i Trung t\u00e2m Nghi\u00ean c\u1ee9u Ph\u1ee5 n\u1eef Trung Qu\u1ed1c v\u00e0 Qu\u1ed1c t\u1ebf, \u0110\u1ea1i h\u1ecdc B\u1eafc Kinh<\/strong><\/li>\n \t<li><strong>Ch\u1ee7 t\u1ecbch s\u00e1ng l\u1eadp Hi\u1ec7p h\u1ed9i Gi\u1ea3ng d\u1ea1y Ti\u1ebfng Trung Qu\u1ed1c Qu\u1ed1c t\u1ebf H\u1ed3ng K\u00f4ng<\/strong><\/li>\n \t<li><strong>GAPSK Chief Academic Advisor<\/strong><\/li>\n<\/ul>\n<\/td>\n<\/tr>\n<tr style=\"height: 30px;\">\n<td style=\"width: 50%; height: 19px;\"><img decoding=\"async\" class=\"size-medium wp-image-143 aligncenter\" src=\"https:\/\/gapskplus.org\/wp-content\/uploads\/2026\/01\/\u8a55\u5be9\u5718_\u5f90\u6770_profile-pic-300x300.png\" alt=\"\" width=\"300\" height=\"300\" srcset=\"\" sizes=\"(max-width: 300px) 100vw, 300px\" data-srcset=\"\" \/><\/td>\n<td style=\"width: 50%; height: 19px;\">\n<h3><strong>Gi\u00e1o s\u01b0 Xu Jie<\/strong><\/h3>\n<ul>\n \t<li><strong>Hi\u1ec7u tr\u01b0\u1edfng Khoa Nh\u00e2n v\u0103n, \u0110\u1ea1i h\u1ecdc Macau<\/strong><\/li>\n \t<li><strong>Gi\u00e1o s\u01b0 \u0111\u1eb7c bi\u1ec7t c\u1ee7a Khoa Ng\u00f4n ng\u1eef v\u00e0 V\u0103n h\u1ecdc Trung Qu\u1ed1c<\/strong><\/li>\n \t<li><strong>Ph\u00f3 Ch\u1ee7 t\u1ecbch Hi\u1ec7p h\u1ed9i Gi\u00e1o d\u1ee5c Ti\u1ebfng Trung Qu\u1ed1c Qu\u1ed1c t\u1ebf<\/strong><\/li>\n<\/ul>\n<\/td>\n<\/tr>\n<tr style=\"height: 19px;\">\n<td style=\"width: 50%; height: 19px;\">\n<h3><img decoding=\"async\" class=\"size-medium wp-image-143 aligncenter\" src=\"https:\/\/gapskplus.org\/wp-content\/uploads\/2026\/02\/\u55ae\u5468\u582f-300x300.png\" alt=\"\" width=\"300\" height=\"300\" \/><\/h3>\n<\/td>\n<td style=\"width: 50%; height: 19px;\">\n<h3><strong><span class=\"_aupe copyable-text xkrh14z\">Gi\u00e1o s\u01b0 \u0110\u01a1n Chu Yao<\/span><\/strong><\/h3>\n<ul>\n \t<li><strong>Gi\u00e1o s\u01b0 danh d\u1ef1 c\u1ee7a Khoa Ng\u00f4n ng\u1eef Trung Qu\u1ed1c, \u0110\u1ea1i h\u1ecdc H\u1ed3ng K\u00f4ng<\/strong><\/li>\n \t<li><strong>Hi\u1ec7u tr\u01b0\u1edfng Khoa V\u0103n h\u1ecdc, Cao \u0111\u1eb3ng N\u0103ng Nh\u00e2n H\u1ed3ng K\u00f4ng<\/strong><\/li>\n<\/ul>\n<p class=\"_aupe copyable-text x15bjb6t x1n2onr6\"><\/p>\n<\/td>\n<\/tr>\n<\/tbody>\n<\/table>\n<h2 class=\"wp-block-heading\"><\/h2>\n<h2 class=\"wp-block-heading\">Nh\u00f3m ti\u1ebfng Anh:<\/h2>\n<div><\/div>\n<table style=\"border-collapse: collapse; width: 100%; height: 57px;\">\n<tbody>\n<tr style=\"height: 19px;\">\n<td style=\"width: 50%; height: 19px;\">\n<h3><img loading=\"lazy\" decoding=\"async\" class=\"size-medium wp-image-145 aligncenter\" src=\"https:\/\/gapskplus.org\/wp-content\/uploads\/2026\/01\/\u8a55\u5be9\u5718_Ben_profile-pic-300x300.png\" alt=\"\" width=\"300\" height=\"300\" srcset=\"\" sizes=\"(max-width: 300px) 100vw, 300px\" data-srcset=\"\" \/><\/h3>\n<\/td>\n<td style=\"width: 50%; height: 19px;\">\n<h3 style=\"text-align: left;\"><strong>Gi\u00e1o s\u01b0 Benjamin Luke Moorhouse<\/strong><\/h3>\n<ul>\n \t<li>Ph\u00f3 gi\u00e1o s\u01b0 Khoa Ti\u1ebfng Anh, \u0110\u1ea1i h\u1ecdc Th\u00e0nh ph\u1ed1 H\u1ed3ng K\u00f4ng<\/li>\n<\/ul>\n<\/td>\n<\/tr>\n<tr style=\"height: 19px;\">\n<td style=\"width: 50%; height: 19px;\"><img loading=\"lazy\" decoding=\"async\" class=\"size-medium wp-image-146 aligncenter\" src=\"https:\/\/gapskplus.org\/wp-content\/uploads\/2026\/01\/\u8a55\u5be9\u5718_Edward-Allen-Irons_profile-pic-300x300.png\" alt=\"\" width=\"300\" height=\"300\" srcset=\"\" sizes=\"(max-width: 300px) 100vw, 300px\" data-srcset=\"\" \/><\/td>\n<td style=\"width: 50%; height: 19px;\">\n<h3><strong>Ti\u1ebfn s\u0129 Edward Allen Irons<\/strong><\/h3>\n<ul>\n \t<li>Ng\u01b0\u1eddi s\u00e1ng l\u1eadp v\u00e0 Gi\u00e1m \u0111\u1ed1c Vi\u1ec7n Nghi\u00ean c\u1ee9u V\u0103n h\u00f3a, Th\u01b0\u01a1ng m\u1ea1i v\u00e0 T\u00f4n gi\u00e1o H\u1ed3ng K\u00f4ng<\/li>\n \t<li>Hu\u1ea5n luy\u1ec7n vi\u00ean c\u1ee7a 500 c\u00f4ng ty h\u00e0ng \u0111\u1ea7u th\u1ebf gi\u1edbi v\u1ec1 t\u00e0i ch\u00ednh<\/li>\n<\/ul>\n<\/td>\n<\/tr>\n<tr style=\"height: 19px;\">\n<td style=\"width: 50%; height: 19px;\"><img loading=\"lazy\" decoding=\"async\" class=\"size-medium wp-image-147 aligncenter\" src=\"https:\/\/gapskplus.org\/wp-content\/uploads\/2026\/01\/\u8a55\u5be9\u5718_Maggie_profile-pic-300x300.png\" alt=\"\" width=\"300\" height=\"300\" srcset=\"\" sizes=\"(max-width: 300px) 100vw, 300px\" data-srcset=\"\" \/><\/td>\n<td style=\"width: 50%; height: 19px;\">\n<h3><strong>Ti\u1ebfn s\u0129 Maggie Ziyin MAI<\/strong><\/h3>\n<ul>\n \t<li>Ph\u00f3 gi\u00e1o s\u01b0 Khoa Ng\u00f4n ng\u1eef h\u1ecdc v\u00e0 Ng\u00f4n ng\u1eef hi\u1ec7n \u0111\u1ea1i, \u0110\u1ea1i h\u1ecdc Trung Qu\u1ed1c H\u1ed3ng K\u00f4ng<\/li>\n \t<li>Ph\u00f3 Gi\u00e1m \u0111\u1ed1c Trung t\u00e2m Nghi\u00ean c\u1ee9u Song ng\u1eef Tr\u1ebb em<\/li>\n<\/ul>\n<\/td>\n<\/tr>\n<\/tbody>\n<\/table>\t\t\t\t\t\t\t\t<\/div>\n\t\t\t\t<\/div>\n\t\t\t\t\t<\/div>\n\t\t\t\t<\/div>\n\t\t<div class=\"elementor-element elementor-element-4a86a18 e-flex e-con-boxed e-con e-parent\" data-id=\"4a86a18\" data-element_type=\"container\">\n\t\t\t\t\t<div class=\"e-con-inner\">\n\t\t\t\t<div class=\"elementor-element elementor-element-59362f5 elementor-align-center elementor-widget elementor-widget-button\" data-id=\"59362f5\" data-element_type=\"widget\" data-widget_type=\"button.default\">\n\t\t\t\t<div class=\"elementor-widget-container\">\n\t\t\t\t\t\t\t\t\t<div class=\"elementor-button-wrapper\">\n\t\t\t\t\t<a class=\"elementor-button elementor-button-link elementor-size-sm\" href=\"https:\/\/gapskplus.org\/zh_hk\/form\/\">\n\t\t\t\t\t\t<span class=\"elementor-button-content-wrapper\">\n\t\t\t\t\t\t\t\t\t<span class=\"elementor-button-text\">\u0110\u0103ng k\u00fd ngay<\/span>\n\t\t\t\t\t<\/span>\n\t\t\t\t\t<\/a>\n\t\t\t\t<\/div>\n\t\t\t\t\t\t\t\t<\/div>\n\t\t\t\t<\/div>\n\t\t\t\t\t<\/div>\n\t\t\t\t<\/div>\n\t\t\t\t<\/div>","protected":false},"excerpt":{"rendered":"<p>\u4e2d\u6587\u7d44: \u5f35\u4e39 \u6559\u6388 \u5317\u4eac\u5927\u5b78\u4e2d\u5916\u5a66\u5973\u7814\u7a76\u4e2d\u5fc3\u7814\u7a76\u54e1 \u9999\u6e2f\u570b\u969b\u6f22\u8a9e\u6559\u5b78\u5354\u6703\u5275\u6703\u6703\u9577 GAPSK\u9996\u5e2d\u5b78\u8853\u9867\u554f \u5f90 [&hellip;] [&hellip;]<\/p>","protected":false},"author":1,"featured_media":0,"parent":0,"menu_order":0,"comment_status":"closed","ping_status":"closed","template":"","meta":{"_monsterinsights_skip_tracking":false,"_monsterinsights_sitenote_active":false,"_monsterinsights_sitenote_note":"","_monsterinsights_sitenote_category":0,"footnotes":""},"class_list":["post-128","page","type-page","status-publish","hentry"],"_links":{"self":[{"href":"https:\/\/gapskplus.org\/vi\/wp-json\/wp\/v2\/pages\/128","targetHints":{"allow":["GET"]}}],"collection":[{"href":"https:\/\/gapskplus.org\/vi\/wp-json\/wp\/v2\/pages"}],"about":[{"href":"https:\/\/gapskplus.org\/vi\/wp-json\/wp\/v2\/types\/page"}],"author":[{"embeddable":true,"href":"https:\/\/gapskplus.org\/vi\/wp-json\/wp\/v2\/users\/1"}],"replies":[{"embeddable":true,"href":"https:\/\/gapskplus.org\/vi\/wp-json\/wp\/v2\/comments?post=128"}],"version-history":[{"count":74,"href":"https:\/\/gapskplus.org\/vi\/wp-json\/wp\/v2\/pages\/128\/revisions"}],"predecessor-version":[{"id":2780,"href":"https:\/\/gapskplus.org\/vi\/wp-json\/wp\/v2\/pages\/128\/revisions\/2780"}],"wp:attachment":[{"href":"https:\/\/gapskplus.org\/vi\/wp-json\/wp\/v2\/media?parent=128"}],"curies":[{"name":"wp","href":"https:\/\/api.w.org\/{rel}","templated":true}]}}