{"id":1389,"date":"2026-02-06T04:35:54","date_gmt":"2026-02-06T04:35:54","guid":{"rendered":"https:\/\/gapskplus.org\/?page_id=1389"},"modified":"2026-02-28T04:54:14","modified_gmt":"2026-02-28T04:54:14","slug":"le-trao-giai-va-nhom-trao-doi-kinh-nghiem","status":"publish","type":"page","link":"https:\/\/gapskplus.org\/vi\/le-trao-giai-va-nhom-trao-doi-kinh-nghiem\/","title":{"rendered":"L\u1ec5 trao gi\u1ea3i v\u00e0 \u0111o\u00e0n trao \u0111\u1ed5i h\u1ecdc t\u1eadp"},"content":{"rendered":"<div data-elementor-type=\"wp-page\" data-elementor-id=\"1389\" class=\"elementor elementor-1389\">\n\t\t\t\t<div class=\"elementor-element elementor-element-8e42543 e-flex e-con-boxed e-con e-parent\" data-id=\"8e42543\" data-element_type=\"container\">\n\t\t\t\t\t<div class=\"e-con-inner\">\n\t\t\t\t<div class=\"elementor-element elementor-element-8d9d5ca elementor-widget elementor-widget-text-editor\" data-id=\"8d9d5ca\" data-element_type=\"widget\" data-widget_type=\"text-editor.default\">\n\t\t\t\t<div class=\"elementor-widget-container\">\n\t\t\t\t\t\t\t\t\t<h3 style=\"text-align: center;\">Th\u00f4ng tin chi ti\u1ebft v\u1ec1 l\u1ec5 trao gi\u1ea3i v\u00e0 ch\u01b0\u01a1ng tr\u00ecnh trao \u0111\u1ed5i h\u1ecdc t\u1eadp s\u1ebd \u0111\u01b0\u1ee3c c\u00f4ng b\u1ed1 sau.<\/h3><h4 class=\"style-177 style-local-331-c1 position-relative\" style=\"text-align: center;\" data-colibri-id=\"331-c1\"><span style=\"font-family: Consolas, Monaco, monospace; font-size: 16px;\">C\u00e1c th\u00ed sinh qu\u1ed1c t\u1ebf \u0111o\u1ea1t gi\u1ea3i trong m\u1ed7i h\u1ea1ng m\u1ee5c (gi\u1ea3i nh\u1ea5t, nh\u00ec, ba v\u00e0 gi\u1ea3i khuy\u1ebfn kh\u00edch) s\u1ebd \u0111\u01b0\u1ee3c m\u1eddi \u0111\u1ebfn H\u1ed3ng K\u00f4ng tham d\u1ef1 l\u1ec5 trao gi\u1ea3i v\u00e0 ch\u01b0\u01a1ng tr\u00ecnh trao \u0111\u1ed5i h\u1ecdc t\u1eadp k\u00e9o d\u00e0i 3 ng\u00e0y 2 \u0111\u00eam.<\/span><\/h4>\t\t\t\t\t\t\t\t<\/div>\n\t\t\t\t<\/div>\n\t\t\t\t\t<\/div>\n\t\t\t\t<\/div>\n\t\t<div class=\"elementor-element elementor-element-baf0f0a e-flex e-con-boxed e-con e-parent\" data-id=\"baf0f0a\" data-element_type=\"container\">\n\t\t\t\t\t<div class=\"e-con-inner\">\n\t\t\t\t<div class=\"elementor-element elementor-element-beb2a00 elementor-align-center elementor-widget elementor-widget-button\" data-id=\"beb2a00\" data-element_type=\"widget\" data-widget_type=\"button.default\">\n\t\t\t\t<div class=\"elementor-widget-container\">\n\t\t\t\t\t\t\t\t\t<div class=\"elementor-button-wrapper\">\n\t\t\t\t\t<a class=\"elementor-button elementor-button-link elementor-size-sm\" href=\"https:\/\/gapskplus.org\/zh_hk\/form\/\">\n\t\t\t\t\t\t<span class=\"elementor-button-content-wrapper\">\n\t\t\t\t\t\t\t\t\t<span class=\"elementor-button-text\">\u0110\u0103ng k\u00fd ngay<\/span>\n\t\t\t\t\t<\/span>\n\t\t\t\t\t<\/a>\n\t\t\t\t<\/div>\n\t\t\t\t\t\t\t\t<\/div>\n\t\t\t\t<\/div>\n\t\t\t\t\t<\/div>\n\t\t\t\t<\/div>\n\t\t\t\t<\/div>","protected":false},"excerpt":{"rendered":"<p>\u9812\u734e\u79ae\u53ca\u5b78\u7fd2\u4ea4\u6d41\u5718\u4e4b\u5b89\u6392\u53ca\u5167\u5bb9\u7a0d\u5f8c\u516c\u4f48 \u6bcf\u7d44\u5225\u52dd\u51fa\u8005(\u51a0\u8ecd\u3001\u4e9e\u8ecd\u3001\u5b63\u8ecd\u53ca\u512a\u7570\u734e)\u7684\u570b\u969b\u53c3\u8cfd\u8005\u5c07\u6709\u95dc\u6703\u89aa\u8d74\u9999\u6e2f\u51fa [&hellip;] [&hellip;]<\/p>","protected":false},"author":1,"featured_media":0,"parent":0,"menu_order":0,"comment_status":"closed","ping_status":"closed","template":"","meta":{"_monsterinsights_skip_tracking":false,"_monsterinsights_sitenote_active":false,"_monsterinsights_sitenote_note":"","_monsterinsights_sitenote_category":0,"footnotes":""},"class_list":["post-1389","page","type-page","status-publish","hentry"],"_links":{"self":[{"href":"https:\/\/gapskplus.org\/vi\/wp-json\/wp\/v2\/pages\/1389","targetHints":{"allow":["GET"]}}],"collection":[{"href":"https:\/\/gapskplus.org\/vi\/wp-json\/wp\/v2\/pages"}],"about":[{"href":"https:\/\/gapskplus.org\/vi\/wp-json\/wp\/v2\/types\/page"}],"author":[{"embeddable":true,"href":"https:\/\/gapskplus.org\/vi\/wp-json\/wp\/v2\/users\/1"}],"replies":[{"embeddable":true,"href":"https:\/\/gapskplus.org\/vi\/wp-json\/wp\/v2\/comments?post=1389"}],"version-history":[{"count":20,"href":"https:\/\/gapskplus.org\/vi\/wp-json\/wp\/v2\/pages\/1389\/revisions"}],"predecessor-version":[{"id":2848,"href":"https:\/\/gapskplus.org\/vi\/wp-json\/wp\/v2\/pages\/1389\/revisions\/2848"}],"wp:attachment":[{"href":"https:\/\/gapskplus.org\/vi\/wp-json\/wp\/v2\/media?parent=1389"}],"curies":[{"name":"wp","href":"https:\/\/api.w.org\/{rel}","templated":true}]}}