{"id":291,"date":"2026-01-29T05:46:00","date_gmt":"2026-01-29T05:46:00","guid":{"rendered":"https:\/\/gapskplus.org\/?page_id=291"},"modified":"2026-03-10T08:17:14","modified_gmt":"2026-03-10T08:17:14","slug":"thong-tin-ve-su-kien-va-don-vi-to-chuc","status":"publish","type":"page","link":"https:\/\/gapskplus.org\/vi\/thong-tin-ve-su-kien-va-don-vi-to-chuc\/","title":{"rendered":"Th\u00f4ng tin v\u1ec1 ho\u1ea1t \u0111\u1ed9ng v\u00e0 chi ti\u1ebft \u0111\u0103ng k\u00fd"},"content":{"rendered":"<div data-elementor-type=\"wp-page\" data-elementor-id=\"291\" class=\"elementor elementor-291\">\n\t\t\t\t<div class=\"elementor-element elementor-element-29861740 e-con-full e-flex e-con e-parent\" data-id=\"29861740\" data-element_type=\"container\">\n\t\t\t\t<div class=\"elementor-element elementor-element-d723f81 elementor-widget elementor-widget-text-editor\" data-id=\"d723f81\" data-element_type=\"widget\" data-widget_type=\"text-editor.default\">\n\t\t\t\t<div class=\"elementor-widget-container\">\n\t\t\t\t\t\t\t\t\t<h3 style=\"text-align: center;\"><span style=\"color: #3366ff;\"><strong>M\u1ee5c \u0111\u00edch c\u1ee7a cu\u1ed9c thi<\/strong><\/span><\/h3>\n<div>\n<h4><span style=\"color: #000000;\">Cu\u1ed9c thi n\u00e0y l\u1ea5y ti\u1ebfng Trung v\u00e0 ti\u1ebfng Anh l\u00e0m trung t\u00e2m, t\u1ea1o ra m\u1ed9t n\u1ec1n t\u1ea3ng ng\u00f4n ng\u1eef c\u00f3 t\u1ea7m nh\u00ecn qu\u1ed1c t\u1ebf, nh\u1eb1m kh\u01a1i d\u1eady ni\u1ec1m \u0111am m\u00ea ng\u00f4n ng\u1eef c\u1ee7a h\u1ecdc sinh. Th\u00f4ng qua vi\u1ec7c tham gia, h\u1ecdc sinh c\u00f3 th\u1ec3 n\u00e2ng cao hi\u1ec7u qu\u1ea3 kh\u1ea3 n\u0103ng s\u1eed d\u1ee5ng song ng\u1eef, s\u00e2u s\u1eafc h\u00f3a s\u1ef1 hi\u1ec3u bi\u1ebft v\u0103n h\u00f3a, m\u1edf r\u1ed9ng t\u1ea7m nh\u00ecn qu\u1ed1c t\u1ebf, \u0111\u1ed3ng th\u1eddi nu\u00f4i d\u01b0\u1ee1ng s\u1ef1 t\u1ef1 tin v\u00e0 s\u00e1ng t\u1ea1o, t\u1eeb \u0111\u00f3 s\u1edbm x\u00e2y d\u1ef1ng l\u1ee3i th\u1ebf c\u1ea1nh tranh trong m\u00f4i tr\u01b0\u1eddng to\u00e0n c\u1ea7u h\u00f3a v\u00e0 h\u01b0\u1edbng t\u1edbi s\u1ef1 ph\u00e1t tri\u1ec3n to\u00e0n di\u1ec7n.<\/span><\/h4>\n<\/div>\n<div><span style=\"font-size: 12pt; line-height: 115%; font-family: \u65b0\u7d30\u660e\u9ad4, serif; color: #000000;\">\u00a0<\/span><\/div>\n<p style=\"text-align: center;\"><span style=\"color: #3366ff;\"><strong style=\"font-family: Italiana; font-size: 2.5em;\">\u0110\u01a1n v\u1ecb t\u1ed5 ch\u1ee9c cu\u1ed9c thi<\/strong><\/span><\/p>\n<h4><span style=\"color: #000000;\">H\u1ed9i \u0111\u1ed3ng Khuy\u1ebfn kh\u00edch Ng\u00f4n ng\u1eef GAPSK l\u00e0 m\u1ed9t t\u1ed5 ch\u1ee9c phi l\u1ee3i nhu\u1eadn chuy\u00ean th\u00fac \u0111\u1ea9y gi\u00e1o d\u1ee5c ng\u00f4n ng\u1eef v\u00e0 v\u0103n h\u00f3a. \u0110\u00e2y l\u00e0 t\u1ed5 ch\u1ee9c duy nh\u1ea5t \u0111\u01b0\u1ee3c B\u1ed9 Gi\u00e1o d\u1ee5c Trung Qu\u1ed1c ph\u00ea duy\u1ec7t v\u00e0 \u0110\u1ea1i h\u1ecdc B\u1eafc Kinh c\u00f4ng nh\u1eadn \u0111\u1ec3 t\u1ed5 ch\u1ee9c k\u1ef3 thi tr\u00ecnh \u0111\u1ed9 ti\u1ebfng Trung Qu\u1ed1c ph\u1ed5 th\u00f4ng, v\u1edbi v\u1ecb th\u1ebf uy t\u00edn \u0111\u01b0\u1ee3c c\u00f4ng nh\u1eadn r\u1ed9ng r\u00e3i. \u1ee6y ban h\u1ee3p t\u00e1c ch\u1eb7t ch\u1ebd v\u1edbi B\u1ed9 Gi\u00e1o d\u1ee5c Trung Qu\u1ed1c, S\u1edf Gi\u00e1o d\u1ee5c H\u1ed3ng K\u00f4ng v\u00e0 nhi\u1ec1u c\u01a1 quan c\u00f3 th\u1ea9m quy\u1ec1n kh\u00e1c \u0111\u1ec3 t\u1ed5 ch\u1ee9c c\u00e1c ho\u1ea1t \u0111\u1ed9ng ng\u00f4n ng\u1eef c\u00f4ng \u00edch quy m\u00f4 l\u1edbn nh\u01b0 \"Cu\u1ed9c thi \u0111\u1ecdc kinh \u0111i\u1ec3n Trung Hoa t\u1ea1i H\u1ed3ng K\u00f4ng\" v\u00e0 \"Tri\u1ec3n l\u00e3m \u0111\u1ecdc kinh \u0111i\u1ec3n Trung Hoa t\u1ea1i H\u1ed3ng K\u00f4ng v\u00e0 Ma Cao\", t\u00edch c\u1ef1c qu\u1ea3ng b\u00e1 v\u0103n h\u00f3a Trung Hoa. Trong nhi\u1ec1u n\u0103m qua, ch\u00fang t\u00f4i li\u00ean t\u1ee5c h\u1ee3p t\u00e1c v\u1edbi c\u00e1c tr\u01b0\u1eddng \u0111\u1ea1i h\u1ecdc v\u00e0 chuy\u00ean gia gi\u00e1o d\u1ee5c H\u1ed3ng K\u00f4ng \u0111\u1ec3 th\u00fac \u0111\u1ea9y gi\u00e1o d\u1ee5c \u0111a v\u0103n h\u00f3a v\u00e0 song ng\u1eef qu\u1ed1c t\u1ebf, \u0111\u00f3ng g\u00f3p v\u00e0o vi\u1ec7c \u0111\u00e0o t\u1ea1o nh\u00e2n t\u00e0i to\u00e0n c\u1ea7u.<\/span><\/h4>\t\t\t\t\t\t\t\t<\/div>\n\t\t\t\t<\/div>\n\t\t\t\t<\/div>\n\t\t<div class=\"elementor-element elementor-element-25e04f4 e-flex e-con-boxed e-con e-parent\" data-id=\"25e04f4\" data-element_type=\"container\">\n\t\t\t\t\t<div class=\"e-con-inner\">\n\t\t\t\t<div class=\"elementor-element elementor-element-3dfec8b elementor-widget elementor-widget-image\" data-id=\"3dfec8b\" data-element_type=\"widget\" data-widget_type=\"image.default\">\n\t\t\t\t<div class=\"elementor-widget-container\">\n\t\t\t\t\t\t\t\t\t\t\t\t\t\t\t<img fetchpriority=\"high\" decoding=\"async\" width=\"1024\" height=\"725\" src=\"https:\/\/gapskplus.org\/wp-content\/uploads\/2026\/02\/mediapost_5-01-1024x725.png\" class=\"attachment-large size-large wp-image-2141\" alt=\"\" srcset=\"https:\/\/gapskplus.org\/wp-content\/uploads\/2026\/02\/mediapost_5-01-1024x725.png 1024w, https:\/\/gapskplus.org\/wp-content\/uploads\/2026\/02\/mediapost_5-01-300x212.png 300w, https:\/\/gapskplus.org\/wp-content\/uploads\/2026\/02\/mediapost_5-01-768x543.png 768w, https:\/\/gapskplus.org\/wp-content\/uploads\/2026\/02\/mediapost_5-01-1536x1087.png 1536w, https:\/\/gapskplus.org\/wp-content\/uploads\/2026\/02\/mediapost_5-01-18x12.png 18w, https:\/\/gapskplus.org\/wp-content\/uploads\/2026\/02\/mediapost_5-01.png 1754w\" sizes=\"(max-width: 1024px) 100vw, 1024px\" \/>\t\t\t\t\t\t\t\t\t\t\t\t\t\t\t<\/div>\n\t\t\t\t<\/div>\n\t\t\t\t\t<\/div>\n\t\t\t\t<\/div>\n\t\t<div class=\"elementor-element elementor-element-4a228b7 e-flex e-con-boxed e-con e-parent\" data-id=\"4a228b7\" data-element_type=\"container\">\n\t\t\t\t\t<div class=\"e-con-inner\">\n\t\t\t\t<div class=\"elementor-element elementor-element-f697b8f elementor-widget elementor-widget-text-editor\" data-id=\"f697b8f\" data-element_type=\"widget\" data-widget_type=\"text-editor.default\">\n\t\t\t\t<div class=\"elementor-widget-container\">\n\t\t\t\t\t\t\t\t\t<h2 style=\"text-align: center;\"><strong><span style=\"color: #3366ff;\">Th\u1eddi gian v\u00e0 quy tr\u00ecnh ho\u1ea1t \u0111\u1ed9ng<\/span><\/strong><\/h2>\n<p>\u00a0<\/p>\n<figure class=\"wp-block-table is-style-regular has-medium-font-size\">\n<table class=\"has-fixed-layout\" style=\"height: 334px;\" width=\"340\">\n<thead>\n<tr>\n<th>\n<pre><span style=\"color: #000000;\">Ng\u00e0y<\/span><\/pre>\n<\/th>\n<th>\n<pre><span style=\"color: #000000;\">quy tr\u00ecnh<\/span><\/pre>\n<\/th>\n<\/tr>\n<\/thead>\n<tbody>\n<tr>\n<td>\n<pre><span style=\"color: #000000;\">Th\u00e1ng 2 n\u0103m 2026<\/span><\/pre>\n<\/td>\n<td>\n<pre><span style=\"color: #000000;\">\u0110\u0103ng k\u00fd b\u1eaft \u0111\u1ea7u<\/span><\/pre>\n<\/td>\n<\/tr>\n<tr>\n<td>\n<pre><span style=\"color: #000000;\">Ng\u00e0y 22 th\u00e1ng 4 n\u0103m 2026<\/span><\/pre>\n<\/td>\n<td>\n<pre><span style=\"color: #000000;\">H\u1ea1n ch\u00f3t \u0111\u0103ng k\u00fd v\u00f2ng s\u01a1 lo\u1ea1i<\/span><\/pre>\n<\/td>\n<\/tr>\n<tr>\n<td>\n<pre><span style=\"color: #000000;\">Ng\u00e0y 30 th\u00e1ng 4 n\u0103m 2026<\/span><\/pre>\n<\/td>\n<td>\n<pre><span style=\"color: #000000;\">H\u1ea1n ch\u00f3t n\u1ed9p video v\u00f2ng s\u01a1 lo\u1ea1i<\/span><\/pre>\n<\/td>\n<\/tr>\n<tr>\n<td>\n<pre><span style=\"color: #000000;\">\u0110\u1ea7u th\u00e1ng 5 n\u0103m 2026<\/span><\/pre>\n<\/td>\n<td>\n<pre><span style=\"color: #000000;\">C\u00f4ng b\u1ed1 danh s\u00e1ch c\u00e1c \u0111\u1ed9i l\u1ecdt v\u00e0o b\u00e1n k\u1ebft<\/span><\/pre>\n<\/td>\n<\/tr>\n<tr>\n<td>\n<pre><span style=\"color: #000000;\">Cu\u1ed1i th\u00e1ng 5 n\u0103m 2026<\/span><\/pre>\n<\/td>\n<td>\n<pre><span style=\"color: #000000;\">C\u00f4ng b\u1ed1 danh s\u00e1ch c\u00e1c th\u00ed sinh l\u1ecdt v\u00e0o v\u00f2ng chung k\u1ebft<\/span><\/pre>\n<\/td>\n<\/tr>\n<tr>\n<td>\n<pre><span style=\"color: #000000;\">\u0110\u1ea7u th\u00e1ng 6 n\u0103m 2026<\/span><\/pre>\n<\/td>\n<td>\n<pre><span style=\"color: #000000;\">Ng\u00e0y chung k\u1ebft: Thi \u0111\u1ea5u tr\u1ef1c tuy\u1ebfn qua video<\/span><\/pre>\n<\/td>\n<\/tr>\n<tr>\n<td>\n<pre><span style=\"color: #000000;\">Cu\u1ed1i th\u00e1ng 6 n\u0103m 2026<\/span><\/pre>\n<\/td>\n<td>\n<pre><span style=\"color: #000000;\">L\u1ec5 trao gi\u1ea3i v\u00e0 \u0111o\u00e0n trao \u0111\u1ed5i h\u1ecdc t\u1eadp<\/span><\/pre>\n<\/td>\n<\/tr>\n<\/tbody>\n<\/table>\n<\/figure>\n<p><span style=\"color: #000000;\"><!-- \/wp:table --><\/span><\/p>\n<p><!-- wp:paragraph --><\/p>\n<p>\u00a0<\/p>\n<p><!-- \/wp:paragraph --><\/p>\t\t\t\t\t\t\t\t<\/div>\n\t\t\t\t<\/div>\n\t\t\t\t\t<\/div>\n\t\t\t\t<\/div>\n\t\t<div class=\"elementor-element elementor-element-4c661be e-flex e-con-boxed e-con e-parent\" data-id=\"4c661be\" data-element_type=\"container\">\n\t\t\t\t\t<div class=\"e-con-inner\">\n\t\t\t\t<div class=\"elementor-element elementor-element-f9b9f15 elementor-widget elementor-widget-text-editor\" data-id=\"f9b9f15\" data-element_type=\"widget\" data-widget_type=\"text-editor.default\">\n\t\t\t\t<div class=\"elementor-widget-container\">\n\t\t\t\t\t\t\t\t\t<div class=\"elementor-element elementor-element-94b98ee e-flex e-con-boxed e-con e-parent e-lazyloaded\" data-id=\"94b98ee\" data-element_type=\"container\">\n<div class=\"e-con-inner\">\n<div class=\"elementor-element elementor-element-4811015 elementor-widget elementor-widget-heading\" data-id=\"4811015\" data-element_type=\"widget\" data-widget_type=\"heading.default\">\n<div class=\"elementor-widget-container\">\n<h2 class=\"elementor-heading-title elementor-size-default\" style=\"text-align: center;\"><span style=\"color: #3366ff;\">Chi ti\u1ebft cu\u1ed9c thi<\/span><\/h2>\n<\/div>\n<\/div>\n<\/div>\n<\/div>\n<div class=\"elementor-element elementor-element-3768354e e-flex e-con-boxed e-con e-parent e-lazyloaded\" data-id=\"3768354e\" data-element_type=\"container\">\n<div class=\"e-con-inner\">\n<div class=\"elementor-element elementor-element-68548633 elementor-widget elementor-widget-text-editor\" data-id=\"68548633\" data-element_type=\"widget\" data-widget_type=\"text-editor.default\">\n<div class=\"elementor-widget-container\">\n<h4><span style=\"color: #000000;\">C\u00e1ch tham gia:<\/span><\/h4>\n<h4><span style=\"color: #000000;\">\u0110\u1ecdc m\u1ed9t m\u00ecnh<\/span><\/h4>\n<h4><span style=\"color: #000000;\">Gi\u1ea3i \u0111\u1ea5u:<\/span><\/h4>\n<h4><span style=\"color: #000000;\">Nh\u00f3m m\u1ea7m non (4\u20136 tu\u1ed5i), nh\u00f3m thi\u1ebfu nhi (7\u20139 tu\u1ed5i), nh\u00f3m thi\u1ebfu ni\u00ean (10\u201312 tu\u1ed5i)<\/span><\/h4>\n<h4><span style=\"color: #000000;\">M\u1ed7i th\u00ed sinh ch\u1ec9 \u0111\u01b0\u1ee3c tham gia v\u00e0o nh\u00f3m thi \u0111\u1ea5u t\u01b0\u01a1ng \u1ee9ng v\u1edbi \u0111\u1ed9 tu\u1ed5i hi\u1ec7n t\u1ea1i c\u1ee7a m\u00ecnh (theo ng\u00e0y \u0111\u0103ng k\u00fd).<\/span><\/h4>\n<h4><span style=\"color: #000000;\">C\u00e1c n\u1ed9i dung thi \u0111\u1ea5u:<\/span><\/h4>\n<h4><span style=\"color: #000000;\">Ti\u1ebfng Trung, ti\u1ebfng Anh (c\u00f3 th\u1ec3 ch\u1ecdn nhi\u1ec1u m\u1ee5c)<\/span><\/h4>\n<h4><span style=\"color: #000000;\">T\u00e0i li\u1ec7u \u0111\u1ecdc:<\/span><\/h4>\n<h4><span style=\"color: #000000;\">M\u1ed7i nh\u00f3m \u0111\u1ec1u c\u00f3 c\u00e1c b\u00e0i \u0111\u1ecdc \u0111\u01b0\u1ee3c ch\u1ec9 \u0111\u1ecbnh (ch\u1ecdn 1 trong 2), v\u00e0 h\u1ecdc sinh ph\u1ea3i thu\u1ed9c l\u00f2ng<\/span><\/h4>\n<h4><span style=\"color: #000000;\">Khu v\u1ef1c ph\u1ee7 s\u00f3ng:<\/span><\/h4>\n<h4><span style=\"color: #000000;\">Ph\u1ea1m vi ph\u1ee7 s\u00f3ng: Giai \u0111o\u1ea1n \u0111\u1ea7u ti\u00ean t\u1eadp trung v\u00e0o khu v\u1ef1c \u0110\u00f4ng Nam \u00c1, bao g\u1ed3m Malaysia, Vi\u1ec7t Nam, Indonesia, Th\u00e1i Lan, Singapore v\u00e0 Philippines; \u0111\u1ed3ng th\u1eddi s\u1ebd m\u1edf r\u1ed9ng c\u00f3 tr\u1eadt t\u1ef1 sang c\u00e1c qu\u1ed1c gia v\u00e0 khu v\u1ef1c kh\u00e1c, nh\u1eb1m t\u0103ng c\u01b0\u1eddng giao l\u01b0u v\u00e0 h\u1ee3p t\u00e1c qu\u1ed1c t\u1ebf v\u1ec1 ng\u00f4n ng\u1eef v\u00e0 v\u0103n h\u00f3a.<\/span><\/h4>\n<h4><span style=\"color: #000000;\">Chi ph\u00ed:<\/span><\/h4>\n<h4><span style=\"color: #000000;\">Mi\u1ec5n ph\u00ed ho\u00e0n to\u00e0n cho v\u00f2ng s\u01a1 lo\u1ea1i<\/span><\/h4>\n<h4><span style=\"color: #000000;\">N\u1ebfu th\u00ed sinh l\u1ecdt v\u00e0o v\u00f2ng b\u00e1n k\u1ebft, th\u00ed sinh c\u00f3 th\u1ec3 tham gia v\u00f2ng b\u00e1n k\u1ebft tr\u1ef1c tuy\u1ebfn (30 USD\/ng\u01b0\u1eddi\/m\u00f4n), ph\u00ed n\u00e0y \u0111\u00e3 bao g\u1ed3m ph\u00ed l\u1ecdt v\u00e0o v\u00f2ng chung k\u1ebft v\u00e0 c\u00fap, huy ch\u01b0\u01a1ng, ch\u1ee9ng ch\u1ec9 (n\u1ebfu l\u1ecdt v\u00e0o v\u00f2ng chung k\u1ebft v\u00e0 gi\u00e0nh gi\u1ea3i th\u01b0\u1edfng); n\u1ebfu kh\u00f4ng tham gia v\u00f2ng b\u00e1n k\u1ebft, th\u00ed sinh c\u00f3 th\u1ec3 ch\u1ecdn \u0111\u0103ng k\u00fd \"Ch\u1ee9ng ch\u1ec9 l\u1ecdt v\u00e0o v\u00f2ng b\u00e1n k\u1ebft\" (10 USD\/ng\u01b0\u1eddi\/m\u00f4n).<\/span><\/h4>\n<h4><span style=\"color: #000000;\">V\u00f2ng s\u01a1 lo\u1ea1i v\u00e0 b\u00e1n k\u1ebft s\u1ebd \u0111\u01b0\u1ee3c t\u1ed5 ch\u1ee9c d\u01b0\u1edbi h\u00ecnh th\u1ee9c n\u1ed9p video tr\u1ef1c tuy\u1ebfn. Sau khi qua v\u00f2ng s\u01a1 lo\u1ea1i, c\u00e1c th\u00ed sinh l\u1ecdt v\u00e0o b\u00e1n k\u1ebft s\u1ebd ti\u1ebfp t\u1ee5c tham gia v\u00f2ng b\u00e1n k\u1ebft; c\u00e1c th\u00ed sinh l\u1ecdt v\u00e0o v\u00f2ng chung k\u1ebft cu\u1ed1i c\u00f9ng ph\u1ea3i tham gia cu\u1ed9c thi video tr\u1ef1c tuy\u1ebfn th\u1eddi gian th\u1ef1c v\u00e0o th\u00e1ng 6 n\u0103m 2026.<\/span><\/h4>\n<h4><span style=\"color: #000000;\">C\u00e1c th\u00ed sinh qu\u1ed1c t\u1ebf \u0111o\u1ea1t gi\u1ea3i trong m\u1ed7i h\u1ea1ng m\u1ee5c (gi\u1ea3i nh\u1ea5t, nh\u00ec, ba v\u00e0 gi\u1ea3i khuy\u1ebfn kh\u00edch) s\u1ebd \u0111\u01b0\u1ee3c m\u1eddi \u0111\u1ebfn H\u1ed3ng K\u00f4ng tham d\u1ef1 l\u1ec5 trao gi\u1ea3i v\u00e0 ch\u01b0\u01a1ng tr\u00ecnh trao \u0111\u1ed5i h\u1ecdc t\u1eadp k\u00e9o d\u00e0i 3 ng\u00e0y 2 \u0111\u00eam.<\/span><\/h4>\n<h4><span style=\"color: #000000;\">C\u00e1ch \u0111\u0103ng k\u00fd:<\/span><\/h4>\n<h4><span style=\"color: #000000;\">Vui l\u00f2ng \u0111i\u1ec1n v\u00e0o m\u1eabu \u0111\u0103ng k\u00fd tr\u00ean trang web (s\u1ed1 l\u01b0\u1ee3ng c\u00f3 h\u1ea1n, \u0111\u0103ng k\u00fd s\u1ebd \u0111\u00f3ng khi h\u1ebft ch\u1ed7).<\/span><\/h4>\n<h4><span style=\"color: #000000;\">Tra c\u1ee9u:<\/span><\/h4>\n<h4><span style=\"color: #000000;\">T\u00e0i kho\u1ea3n WeChat ch\u00ednh th\u1ee9c (GAPSKICER) \/ WhatsApp (+852 6355 6881) \/ Line (GAPSKICER)<\/span><\/h4>\n<\/div>\n<\/div>\n<\/div>\n<\/div>\t\t\t\t\t\t\t\t<\/div>\n\t\t\t\t<\/div>\n\t\t\t\t\t<\/div>\n\t\t\t\t<\/div>\n\t\t<div class=\"elementor-element elementor-element-57667bb e-flex e-con-boxed e-con e-parent\" data-id=\"57667bb\" data-element_type=\"container\">\n\t\t\t\t\t<div class=\"e-con-inner\">\n\t\t\t\t<div class=\"elementor-element elementor-element-c411926 elementor-widget elementor-widget-eael-creative-button\" data-id=\"c411926\" data-element_type=\"widget\" data-widget_type=\"eael-creative-button.default\">\n\t\t\t\t<div class=\"elementor-widget-container\">\n\t\t\t\t\t        <div class=\"eael-creative-button-wrapper\">\n\n            <a class=\"eael-creative-button eael-creative-button--default\" href=\"https:\/\/gapskplus.org\/zh_hk\/form\/\" data-text=\"Go!\">\n\n\t    \n                <div class=\"creative-button-inner\">\n\n                    \n                    <span class=\"cretive-button-text\">\u0110\u0103ng k\u00fd ngay<\/span>\n\n                                    <\/div>\n\t                        <\/a>\n        <\/div>\n\t\t\t\t<\/div>\n\t\t\t\t<\/div>\n\t\t\t\t\t<\/div>\n\t\t\t\t<\/div>\n\t\t<div class=\"elementor-element elementor-element-4a1f11a e-flex e-con-boxed e-con e-parent\" data-id=\"4a1f11a\" data-element_type=\"container\">\n\t\t\t\t\t<div class=\"e-con-inner\">\n\t\t\t\t<div class=\"elementor-element elementor-element-96a4af5 elementor-widget elementor-widget-image\" data-id=\"96a4af5\" data-element_type=\"widget\" data-widget_type=\"image.default\">\n\t\t\t\t<div class=\"elementor-widget-container\">\n\t\t\t\t\t\t\t\t\t\t\t\t\t\t\t<img decoding=\"async\" src=\"https:\/\/gapskplus.org\/wp-content\/uploads\/2026\/02\/website_5.jpg\" title=\"\" alt=\"\" loading=\"lazy\" \/>\t\t\t\t\t\t\t\t\t\t\t\t\t\t\t<\/div>\n\t\t\t\t<\/div>\n\t\t\t\t\t<\/div>\n\t\t\t\t<\/div>\n\t\t\t\t<\/div>","protected":false},"excerpt":{"rendered":"<p>\u5927\u8cfd\u5b97\u65e8 \u672c\u8cfd\u4e8b\u4ee5\u4e2d\u82f1\u96d9\u8a9e\u70ba\u6838\u5fc3\uff0c\u6253\u9020\u4e00\u500b\u5177\u570b\u969b\u8996\u91ce\u7684\u8a9e\u8a00\u5e73\u53f0\uff0c\u65e8\u5728\u6fc0\u767c\u5b78\u751f\u5c0d\u8a9e\u8a00\u7684\u71b1\u60c5\u3002\u901a\u904e\u53c3\u8207\uff0c\u5b78\u751f\u80fd\u6709\u6548 [&hellip;] [&hellip;]<\/p>","protected":false},"author":1,"featured_media":0,"parent":0,"menu_order":0,"comment_status":"closed","ping_status":"closed","template":"","meta":{"_monsterinsights_skip_tracking":false,"_monsterinsights_sitenote_active":false,"_monsterinsights_sitenote_note":"","_monsterinsights_sitenote_category":0,"footnotes":""},"class_list":["post-291","page","type-page","status-publish","hentry"],"_links":{"self":[{"href":"https:\/\/gapskplus.org\/vi\/wp-json\/wp\/v2\/pages\/291","targetHints":{"allow":["GET"]}}],"collection":[{"href":"https:\/\/gapskplus.org\/vi\/wp-json\/wp\/v2\/pages"}],"about":[{"href":"https:\/\/gapskplus.org\/vi\/wp-json\/wp\/v2\/types\/page"}],"author":[{"embeddable":true,"href":"https:\/\/gapskplus.org\/vi\/wp-json\/wp\/v2\/users\/1"}],"replies":[{"embeddable":true,"href":"https:\/\/gapskplus.org\/vi\/wp-json\/wp\/v2\/comments?post=291"}],"version-history":[{"count":99,"href":"https:\/\/gapskplus.org\/vi\/wp-json\/wp\/v2\/pages\/291\/revisions"}],"predecessor-version":[{"id":3043,"href":"https:\/\/gapskplus.org\/vi\/wp-json\/wp\/v2\/pages\/291\/revisions\/3043"}],"wp:attachment":[{"href":"https:\/\/gapskplus.org\/vi\/wp-json\/wp\/v2\/media?parent=291"}],"curies":[{"name":"wp","href":"https:\/\/api.w.org\/{rel}","templated":true}]}}