{"id":603,"date":"2026-01-30T06:57:52","date_gmt":"2026-01-30T06:57:52","guid":{"rendered":"https:\/\/gapskplus.org\/?page_id=603"},"modified":"2026-02-23T09:49:08","modified_gmt":"2026-02-23T09:49:08","slug":"bieu-mau","status":"publish","type":"page","link":"https:\/\/gapskplus.org\/vi\/bieu-mau\/","title":{"rendered":"\u0110\u01a1n \u0111\u0103ng k\u00fd"},"content":{"rendered":"<div data-elementor-type=\"wp-page\" data-elementor-id=\"603\" class=\"elementor elementor-603\">\n\t\t\t\t<div class=\"elementor-element elementor-element-74036ef e-flex e-con-boxed e-con e-parent\" data-id=\"74036ef\" data-element_type=\"container\">\n\t\t\t\t\t<div class=\"e-con-inner\">\n\t\t\t\t<div class=\"elementor-element elementor-element-fceecf6 elementor-widget elementor-widget-heading\" data-id=\"fceecf6\" data-element_type=\"widget\" data-widget_type=\"heading.default\">\n\t\t\t\t<div class=\"elementor-widget-container\">\n\t\t\t\t\t<h3 class=\"elementor-heading-title elementor-size-default\">&lt;&gt; (ti\u1ebfng Vi\u1ec7t)<\/h3>\t\t\t\t<\/div>\n\t\t\t\t<\/div>\n\t\t\t\t<div class=\"elementor-element elementor-element-f809e42 elementor-widget elementor-widget-wpforms\" data-id=\"f809e42\" data-element_type=\"widget\" data-widget_type=\"wpforms.default\">\n\t\t\t\t<div class=\"elementor-widget-container\">\n\t\t\t\t\t<div class=\"wpforms-container wpforms-container-full wpforms-render-modern\" id=\"wpforms-617\"><form id=\"wpforms-form-617\" class=\"wpforms-validate wpforms-form wpforms-ajax-form\" data-formid=\"617\" method=\"post\" enctype=\"multipart\/form-data\" action=\"\/vi\/wp-json\/wp\/v2\/pages\/603\" data-token=\"9da08febe207ea096f45d21b06b3d9f6\" data-token-time=\"1776774346\" data-trp-original-action=\"\/vi\/wp-json\/wp\/v2\/pages\/603\"><noscript class=\"wpforms-error-noscript\">Please enable JavaScript in your browser to complete this form.<\/noscript><div id=\"wpforms-error-noscript\" style=\"display: none;\">Please enable JavaScript in your browser to complete this form.<\/div><div class=\"wpforms-field-container\">\t\t<div id=\"wpforms-617-field_3-container\"\n\t\t\tclass=\"wpforms-field wpforms-field-text\"\n\t\t\tdata-field-type=\"text\"\n\t\t\tdata-field-id=\"3\"\n\t\t\t>\n\t\t\t<label class=\"wpforms-field-label\" for=\"wpforms-617-field_3\" >T\u00ean ti\u1ebfng Anh c\u1ee7a ng\u01b0\u1eddi tham gia Gi\u1edbi t\u00ednh c\u1ee7a ng\u01b0\u1eddi tham gia Email c\u1ee7a ph\u1ee5 huynh ho\u1eb7c ng\u01b0\u1eddi gi\u00e1m h\u1ed9<\/label>\n\t\t\t<input type=\"text\" id=\"wpforms-617-field_3\" class=\"wpforms-field-medium\" name=\"wpforms[fields][3]\" >\n\t\t<\/div>\n\t\t<div id=\"wpforms-617-field_19-container\" class=\"wpforms-field wpforms-field-html\" data-field-id=\"19\"><div id=\"wpforms-617-field_19\" aria-errormessage=\"wpforms-617-field_19-error\"><h2>Th\u00f4ng tin v\u1ec1 th\u00ed sinh<\/h2><\/div><\/div><div id=\"wpforms-617-field_1-container\" class=\"wpforms-field wpforms-field-name\" data-field-id=\"1\"><label class=\"wpforms-field-label\" for=\"wpforms-617-field_1\">H\u1ecd v\u00e0 t\u00ean b\u1eb1ng ti\u1ebfng Trung c\u1ee7a th\u00ed sinh\u00a0 <span class=\"wpforms-required-label\" aria-hidden=\"true\">*<\/span><\/label><input type=\"text\" id=\"wpforms-617-field_1\" class=\"wpforms-field-medium wpforms-field-required\" name=\"wpforms[fields][1]\" aria-errormessage=\"wpforms-617-field_1-error\" aria-describedby=\"wpforms-617-field_1-description\" required><div id=\"wpforms-617-field_1-description\" class=\"wpforms-field-description\">Theo gi\u1ea5y t\u1edd t\u00f9y th\u00e2n, h\u00e3y \u0111i\u1ec1n h\u1ecd tr\u01b0\u1edbc. N\u1ebfu kh\u00f4ng c\u00f3 t\u00ean ti\u1ebfng Trung, vui l\u00f2ng \u0111i\u1ec1n N\/A.<\/div><\/div><div id=\"wpforms-617-field_2-container\" class=\"wpforms-field wpforms-field-name\" data-field-id=\"2\"><label class=\"wpforms-field-label\" for=\"wpforms-617-field_2\">T\u00ean ti\u1ebfng Anh c\u1ee7a th\u00ed sinh <span class=\"wpforms-required-label\" aria-hidden=\"true\">*<\/span><\/label><input type=\"text\" id=\"wpforms-617-field_2\" class=\"wpforms-field-medium wpforms-field-required\" name=\"wpforms[fields][2]\" aria-errormessage=\"wpforms-617-field_2-error\" aria-describedby=\"wpforms-617-field_2-description\" required><div id=\"wpforms-617-field_2-description\" class=\"wpforms-field-description\">Theo gi\u1ea5y t\u1edd t\u00f9y th\u00e2n, h\u00e3y \u0111i\u1ec1n h\u1ecd tr\u01b0\u1edbc. N\u1ebfu kh\u00f4ng c\u00f3 t\u00ean ti\u1ebfng Anh, h\u00e3y \u0111i\u1ec1n N\/A.<\/div><\/div><div id=\"wpforms-617-field_4-container\" class=\"wpforms-field wpforms-field-radio\" data-field-id=\"4\"><fieldset><legend class=\"wpforms-field-label\">Gi\u1edbi t\u00ednh c\u1ee7a th\u00ed sinh\u00a0 <span class=\"wpforms-required-label\" aria-hidden=\"true\">*<\/span><\/legend><ul id=\"wpforms-617-field_4\" class=\"wpforms-field-required\"><li class=\"choice-1 depth-1\"><input type=\"radio\" id=\"wpforms-617-field_4_1\" name=\"wpforms[fields][4]\" value=\"\u7537\" aria-errormessage=\"wpforms-617-field_4_1-error\" required><label class=\"wpforms-field-label-inline\" for=\"wpforms-617-field_4_1\">nam gi\u1edbi<\/label><\/li><li class=\"choice-2 depth-1\"><input type=\"radio\" id=\"wpforms-617-field_4_2\" name=\"wpforms[fields][4]\" value=\"\u5973\" aria-errormessage=\"wpforms-617-field_4_2-error\" required><label class=\"wpforms-field-label-inline\" for=\"wpforms-617-field_4_2\">n\u1eef gi\u1edbi<\/label><\/li><\/ul><\/fieldset><\/div><div id=\"wpforms-617-field_20-container\" class=\"wpforms-field wpforms-field-radio\" data-field-id=\"20\"><fieldset><legend class=\"wpforms-field-label\">Gi\u1ea3i \u0111\u1ea5u  <span class=\"wpforms-required-label\" aria-hidden=\"true\">*<\/span><\/legend><ul id=\"wpforms-617-field_20\" class=\"wpforms-field-required\"><li class=\"choice-1 depth-1\"><input type=\"radio\" id=\"wpforms-617-field_20_1\" name=\"wpforms[fields][20]\" value=\"\u5e7c\u5152\u7d44(4-6\u6b72)\" aria-errormessage=\"wpforms-617-field_20_1-error\" required><label class=\"wpforms-field-label-inline\" for=\"wpforms-617-field_20_1\">Nh\u00f3m tr\u1ebb em (4-6 tu\u1ed5i)<\/label><\/li><li class=\"choice-2 depth-1\"><input type=\"radio\" id=\"wpforms-617-field_20_2\" name=\"wpforms[fields][20]\" value=\"\u5c11\u5152\u7d44(7-9\u6b72)\" aria-errormessage=\"wpforms-617-field_20_2-error\" required><label class=\"wpforms-field-label-inline\" for=\"wpforms-617-field_20_2\">Nh\u00f3m tr\u1ebb em (7-9 tu\u1ed5i)<\/label><\/li><li class=\"choice-3 depth-1\"><input type=\"radio\" id=\"wpforms-617-field_20_3\" name=\"wpforms[fields][20]\" value=\"\u5c11\u5e74\u7d44(10-12\u6b72)\" aria-errormessage=\"wpforms-617-field_20_3-error\" required><label class=\"wpforms-field-label-inline\" for=\"wpforms-617-field_20_3\">Nh\u00f3m thi\u1ebfu ni\u00ean (10-12 tu\u1ed5i)<\/label><\/li><\/ul><\/fieldset><\/div><div id=\"wpforms-617-field_5-container\" class=\"wpforms-field wpforms-field-radio\" data-field-id=\"5\"><fieldset><legend class=\"wpforms-field-label\">M\u00f4n thi \u0111\u1ea5u <span class=\"wpforms-required-label\" aria-hidden=\"true\">*<\/span><\/legend><ul id=\"wpforms-617-field_5\" class=\"wpforms-field-required\"><li class=\"choice-1 depth-1\"><input type=\"radio\" id=\"wpforms-617-field_5_1\" name=\"wpforms[fields][5]\" value=\"\u4e2d\u6587\" aria-errormessage=\"wpforms-617-field_5_1-error\" required><label class=\"wpforms-field-label-inline\" for=\"wpforms-617-field_5_1\">Ti\u1ebfng Trung<\/label><\/li><li class=\"choice-2 depth-1\"><input type=\"radio\" id=\"wpforms-617-field_5_2\" name=\"wpforms[fields][5]\" value=\"\u82f1\u6587\" aria-errormessage=\"wpforms-617-field_5_2-error\" required><label class=\"wpforms-field-label-inline\" for=\"wpforms-617-field_5_2\">ti\u1ebfng Anh<\/label><\/li><li class=\"choice-3 depth-1\"><input type=\"radio\" id=\"wpforms-617-field_5_3\" name=\"wpforms[fields][5]\" value=\"\u4e2d\u6587\u53ca\u82f1\u6587\" aria-errormessage=\"wpforms-617-field_5_3-error\" required><label class=\"wpforms-field-label-inline\" for=\"wpforms-617-field_5_3\">Ti\u1ebfng Trung v\u00e0 ti\u1ebfng Anh<\/label><\/li><\/ul><\/fieldset><\/div><div id=\"wpforms-617-field_21-container\" class=\"wpforms-field wpforms-field-text\" data-field-id=\"21\"><label class=\"wpforms-field-label\" for=\"wpforms-617-field_21\">t\u1ed5 ch\u1ee9c \u0111\u00e0o t\u1ea1o<\/label><input type=\"text\" id=\"wpforms-617-field_21\" class=\"wpforms-field-medium\" name=\"wpforms[fields][21]\" aria-errormessage=\"wpforms-617-field_21-error\" ><\/div><div id=\"wpforms-617-field_22-container\" class=\"wpforms-field wpforms-field-text\" data-field-id=\"22\"><label class=\"wpforms-field-label\" for=\"wpforms-617-field_22\">Gi\u00e1o vi\u00ean\/gi\u1ea3ng vi\u00ean c\u1ee7a c\u01a1 s\u1edf \u0111\u00e0o t\u1ea1o<\/label><input type=\"text\" id=\"wpforms-617-field_22\" class=\"wpforms-field-medium\" name=\"wpforms[fields][22]\" aria-errormessage=\"wpforms-617-field_22-error\" ><\/div><div id=\"wpforms-617-field_23-container\" class=\"wpforms-field wpforms-field-html\" data-field-id=\"23\"><div id=\"wpforms-617-field_23\" aria-errormessage=\"wpforms-617-field_23-error\"><h2>Th\u00f4ng tin v\u1ec1 cha m\u1eb9 ho\u1eb7c ng\u01b0\u1eddi gi\u00e1m h\u1ed9<\/h2><\/div><\/div><div id=\"wpforms-617-field_6-container\" class=\"wpforms-field wpforms-field-text\" data-field-id=\"6\"><label class=\"wpforms-field-label\" for=\"wpforms-617-field_6\">T\u00ean c\u1ee7a ph\u1ee5 huynh ho\u1eb7c ng\u01b0\u1eddi gi\u00e1m h\u1ed9 <span class=\"wpforms-required-label\" aria-hidden=\"true\">*<\/span><\/label><input type=\"text\" id=\"wpforms-617-field_6\" class=\"wpforms-field-medium wpforms-field-required\" name=\"wpforms[fields][6]\" aria-errormessage=\"wpforms-617-field_6-error\" required><\/div><div id=\"wpforms-617-field_7-container\" class=\"wpforms-field wpforms-field-radio\" data-field-id=\"7\"><fieldset><legend class=\"wpforms-field-label\">M\u1ed1i quan h\u1ec7 v\u1edbi th\u00ed sinh <span class=\"wpforms-required-label\" aria-hidden=\"true\">*<\/span><\/legend><ul id=\"wpforms-617-field_7\" class=\"wpforms-field-required\"><li class=\"choice-1 depth-1\"><input type=\"radio\" id=\"wpforms-617-field_7_1\" name=\"wpforms[fields][7]\" value=\"\u7236\u89aa\" aria-errormessage=\"wpforms-617-field_7_1-error\" required><label class=\"wpforms-field-label-inline\" for=\"wpforms-617-field_7_1\">cha<\/label><\/li><li class=\"choice-2 depth-1\"><input type=\"radio\" id=\"wpforms-617-field_7_2\" name=\"wpforms[fields][7]\" value=\"\u6bcd\u89aa\" aria-errormessage=\"wpforms-617-field_7_2-error\" required><label class=\"wpforms-field-label-inline\" for=\"wpforms-617-field_7_2\">m\u1eb9<\/label><\/li><li class=\"choice-3 depth-1\"><input type=\"radio\" id=\"wpforms-617-field_7_3\" name=\"wpforms[fields][7]\" value=\"\u723a\u723a\/\u5916\u516c\" aria-errormessage=\"wpforms-617-field_7_3-error\" required><label class=\"wpforms-field-label-inline\" for=\"wpforms-617-field_7_3\">\u00d4ng n\u1ed9i\/\u00d4ng ngo\u1ea1i<\/label><\/li><li class=\"choice-4 depth-1\"><input type=\"radio\" id=\"wpforms-617-field_7_4\" name=\"wpforms[fields][7]\" value=\"\u5976\u5976\/\u5916\u5a46\" aria-errormessage=\"wpforms-617-field_7_4-error\" required><label class=\"wpforms-field-label-inline\" for=\"wpforms-617-field_7_4\">b\u00e0 n\u1ed9i\/b\u00e0 ngo\u1ea1i<\/label><\/li><li class=\"choice-6 depth-1 wpforms-other-choice\"><input type=\"radio\" id=\"wpforms-617-field_7_6\" data-other-choice=\"true\" name=\"wpforms[fields][7]\" value=\"\u5176\u4ed6\" aria-errormessage=\"wpforms-617-field_7_6-error\" required><label class=\"wpforms-field-label-inline\" for=\"wpforms-617-field_7_6\">Kh\u00e1c<\/label><\/li><\/ul><input type=\"text\" id=\"wpforms-617-field_7_other\" class=\"wpforms-other-input wpforms-field-required wpforms-field-small wpforms-hidden\" name=\"wpforms[fields][7][other]\" disabled=\"disabled\" required><\/fieldset><\/div><div id=\"wpforms-617-field_10-container\" class=\"wpforms-field wpforms-field-email\" data-field-id=\"10\"><label class=\"wpforms-field-label\" for=\"wpforms-617-field_10\">Email c\u1ee7a ph\u1ee5 huynh ho\u1eb7c ng\u01b0\u1eddi gi\u00e1m h\u1ed9 <span class=\"wpforms-required-label\" aria-hidden=\"true\">*<\/span><\/label><input type=\"email\" id=\"wpforms-617-field_10\" class=\"wpforms-field-medium wpforms-field-required\" name=\"wpforms[fields][10]\" spellcheck=\"false\" aria-errormessage=\"wpforms-617-field_10-error\" required><\/div><div id=\"wpforms-617-field_14-container\" class=\"wpforms-field wpforms-field-radio\" data-field-id=\"14\"><fieldset><legend class=\"wpforms-field-label\">Qu\u1ed1c gia\/khu v\u1ef1c c\u01b0 tr\u00fa\u00a0 <span class=\"wpforms-required-label\" aria-hidden=\"true\">*<\/span><\/legend><ul id=\"wpforms-617-field_14\" class=\"wpforms-field-required\"><li class=\"choice-4 depth-1\"><input type=\"radio\" id=\"wpforms-617-field_14_4\" name=\"wpforms[fields][14]\" value=\"\u6cf0\u570b\" aria-errormessage=\"wpforms-617-field_14_4-error\" required><label class=\"wpforms-field-label-inline\" for=\"wpforms-617-field_14_4\">Th\u00e1i Lan<\/label><\/li><li class=\"choice-8 depth-1\"><input type=\"radio\" id=\"wpforms-617-field_14_8\" name=\"wpforms[fields][14]\" value=\"\u99ac\u4f86\u897f\u4e9e\" aria-errormessage=\"wpforms-617-field_14_8-error\" required><label class=\"wpforms-field-label-inline\" for=\"wpforms-617-field_14_8\">Malaysia<\/label><\/li><li class=\"choice-10 depth-1\"><input type=\"radio\" id=\"wpforms-617-field_14_10\" name=\"wpforms[fields][14]\" value=\"\u65b0\u52a0\u5761\" aria-errormessage=\"wpforms-617-field_14_10-error\" required><label class=\"wpforms-field-label-inline\" for=\"wpforms-617-field_14_10\">Singapore<\/label><\/li><li class=\"choice-9 depth-1\"><input type=\"radio\" id=\"wpforms-617-field_14_9\" name=\"wpforms[fields][14]\" value=\"\u83f2\u5f8b\u8cd3\" aria-errormessage=\"wpforms-617-field_14_9-error\" required><label class=\"wpforms-field-label-inline\" for=\"wpforms-617-field_14_9\">Philippines<\/label><\/li><li class=\"choice-11 depth-1\"><input type=\"radio\" id=\"wpforms-617-field_14_11\" name=\"wpforms[fields][14]\" value=\"\u6c76\u840a\" aria-errormessage=\"wpforms-617-field_14_11-error\" required><label class=\"wpforms-field-label-inline\" for=\"wpforms-617-field_14_11\">Brunei<\/label><\/li><li class=\"choice-5 depth-1\"><input type=\"radio\" id=\"wpforms-617-field_14_5\" name=\"wpforms[fields][14]\" value=\"\u5370\u5c3c\" aria-errormessage=\"wpforms-617-field_14_5-error\" required><label class=\"wpforms-field-label-inline\" for=\"wpforms-617-field_14_5\">Indonesia<\/label><\/li><li class=\"choice-6 depth-1\"><input type=\"radio\" id=\"wpforms-617-field_14_6\" name=\"wpforms[fields][14]\" value=\"\u8d8a\u5357\" aria-errormessage=\"wpforms-617-field_14_6-error\" required><label class=\"wpforms-field-label-inline\" for=\"wpforms-617-field_14_6\">Vi\u1ec7t Nam<\/label><\/li><li class=\"choice-7 depth-1 wpforms-other-choice\"><input type=\"radio\" id=\"wpforms-617-field_14_7\" data-other-choice=\"true\" name=\"wpforms[fields][14]\" value=\"\u5176\u4ed6\" aria-errormessage=\"wpforms-617-field_14_7-error\" required><label class=\"wpforms-field-label-inline\" for=\"wpforms-617-field_14_7\">Kh\u00e1c<\/label><\/li><\/ul><input type=\"text\" id=\"wpforms-617-field_14_other\" class=\"wpforms-other-input wpforms-field-required wpforms-field-medium wpforms-hidden\" name=\"wpforms[fields][14][other]\" disabled=\"disabled\" required><\/fieldset><\/div><div id=\"wpforms-617-field_11-container\" class=\"wpforms-field wpforms-field-radio\" data-field-id=\"11\"><fieldset><legend class=\"wpforms-field-label\">B\u1ea1n bi\u1ebft v\u1ec1 cu\u1ed9c thi n\u00e0y t\u1eeb \u0111\u00e2u?\u00a0 <span class=\"wpforms-required-label\" aria-hidden=\"true\">*<\/span><\/legend><ul id=\"wpforms-617-field_11\" class=\"wpforms-field-required\"><li class=\"choice-2 depth-1\"><input type=\"radio\" id=\"wpforms-617-field_11_2\" name=\"wpforms[fields][11]\" value=\"\u5927\u8cfd\u5b98\u7db2\" aria-errormessage=\"wpforms-617-field_11_2-error\" required><label class=\"wpforms-field-label-inline\" for=\"wpforms-617-field_11_2\">Trang web ch\u00ednh th\u1ee9c c\u1ee7a cu\u1ed9c thi<\/label><\/li><li class=\"choice-3 depth-1\"><input type=\"radio\" id=\"wpforms-617-field_11_3\" name=\"wpforms[fields][11]\" value=\"\u5b78\u6821\/\u6559\u80b2\u4e2d\u5fc3\u63a8\u85a6\" aria-errormessage=\"wpforms-617-field_11_3-error\" required><label class=\"wpforms-field-label-inline\" for=\"wpforms-617-field_11_3\">Tr\u01b0\u1eddng h\u1ecdc\/Trung t\u00e2m gi\u00e1o d\u1ee5c gi\u1edbi thi\u1ec7u<\/label><\/li><li class=\"choice-4 depth-1\"><input type=\"radio\" id=\"wpforms-617-field_11_4\" name=\"wpforms[fields][11]\" value=\"\u89aa\u670b\u597d\u53cb\u63a8\u85a6 \" aria-errormessage=\"wpforms-617-field_11_4-error\" required><label class=\"wpforms-field-label-inline\" for=\"wpforms-617-field_11_4\">\u0110\u01b0\u1ee3c b\u1ea1n b\u00e8 v\u00e0 ng\u01b0\u1eddi th\u00e2n gi\u1edbi thi\u1ec7u<\/label><\/li><li class=\"choice-1 depth-1\"><input type=\"radio\" id=\"wpforms-617-field_11_1\" name=\"wpforms[fields][11]\" value=\"Facebook\/IG\" aria-errormessage=\"wpforms-617-field_11_1-error\" required><label class=\"wpforms-field-label-inline\" for=\"wpforms-617-field_11_1\">Facebook\/IG<\/label><\/li><li class=\"choice-5 depth-1\"><input type=\"radio\" id=\"wpforms-617-field_11_5\" name=\"wpforms[fields][11]\" value=\"Linkedin\" aria-errormessage=\"wpforms-617-field_11_5-error\" required><label class=\"wpforms-field-label-inline\" for=\"wpforms-617-field_11_5\">Linkedin<\/label><\/li><li class=\"choice-7 depth-1\"><input type=\"radio\" id=\"wpforms-617-field_11_7\" name=\"wpforms[fields][11]\" value=\"X (Twitter)\" aria-errormessage=\"wpforms-617-field_11_7-error\" required><label class=\"wpforms-field-label-inline\" for=\"wpforms-617-field_11_7\">X (Twitter)<\/label><\/li><li class=\"choice-6 depth-1 wpforms-other-choice\"><input type=\"radio\" id=\"wpforms-617-field_11_6\" data-other-choice=\"true\" name=\"wpforms[fields][11]\" value=\"\u5176\u4ed6\" aria-errormessage=\"wpforms-617-field_11_6-error\" required><label class=\"wpforms-field-label-inline\" for=\"wpforms-617-field_11_6\">Kh\u00e1c<\/label><\/li><\/ul><input type=\"text\" id=\"wpforms-617-field_11_other\" class=\"wpforms-other-input wpforms-field-required wpforms-field-medium wpforms-hidden\" name=\"wpforms[fields][11][other]\" disabled=\"disabled\" required><\/fieldset><\/div><div id=\"wpforms-617-field_12-container\" class=\"wpforms-field wpforms-field-checkbox\" data-field-id=\"12\"><fieldset><legend class=\"wpforms-field-label\">\u0110\u00e3 \u0111\u1ecdc v\u00e0 \u0111\u1ed3ng \u00fd v\u1edbi c\u00e1c \u0111i\u1ec1u kho\u1ea3n v\u00e0 \u0111i\u1ec1u ki\u1ec7n c\u1ee7a ch\u01b0\u01a1ng tr\u00ecnh khuy\u1ebfn m\u00e3i v\u00e0 ch\u00ednh s\u00e1ch b\u1ea3o m\u1eadt. Vui l\u00f2ng truy c\u1eadp https:\/\/www.gapskplus.org\/icer\/ \u0111\u1ec3 bi\u1ebft th\u00eam chi ti\u1ebft v\u1ec1 c\u00e1c \u0111i\u1ec1u kho\u1ea3n v\u00e0 \u0111i\u1ec1u ki\u1ec7n c\u1ee7a ch\u01b0\u01a1ng tr\u00ecnh khuy\u1ebfn m\u00e3i v\u00e0 ch\u00ednh s\u00e1ch b\u1ea3o m\u1eadt. <span class=\"wpforms-required-label\" aria-hidden=\"true\">*<\/span><\/legend><ul id=\"wpforms-617-field_12\" class=\"wpforms-field-required\"><li class=\"choice-3 depth-1\"><input type=\"checkbox\" id=\"wpforms-617-field_12_3\" name=\"wpforms[fields][12][]\" value=\"\u540c\u610f\" aria-errormessage=\"wpforms-617-field_12_3-error\" required><label class=\"wpforms-field-label-inline\" for=\"wpforms-617-field_12_3\">\u0110\u1ed3ng \u00fd<\/label><\/li><\/ul><\/fieldset><\/div><script>\n\t\t\t\t( function() {\n\t\t\t\t\tconst style = document.createElement( 'style' );\n\t\t\t\t\tstyle.appendChild( document.createTextNode( '#wpforms-617-field_3-container { position: absolute !important; overflow: hidden !important; display: inline !important; height: 1px !important; width: 1px !important; z-index: -1000 !important; padding: 0 !important; } #wpforms-617-field_3-container input { visibility: hidden; } #wpforms-conversational-form-page #wpforms-617-field_3-container label { counter-increment: none; }' ) );\n\t\t\t\t\tdocument.head.appendChild( style );\n\t\t\t\t\tdocument.currentScript?.remove();\n\t\t\t\t} )();\n\t\t\t<\/script><\/div><!-- .wpforms-field-container --><div class=\"wpforms-submit-container\" ><input type=\"hidden\" name=\"wpforms[id]\" value=\"617\"><input type=\"hidden\" name=\"page_title\" value=\"\"><input type=\"hidden\" name=\"page_url\" value=\"https:\/\/gapskplus.org\/vi\/wp-json\/wp\/v2\/pages\/603\"><input type=\"hidden\" name=\"url_referer\" value=\"\"><button type=\"submit\" name=\"wpforms[submit]\" id=\"wpforms-submit-617\" class=\"wpforms-submit\" data-alt-text=\"Sending...\" data-submit-text=\"Submit\" aria-live=\"assertive\" value=\"wpforms-submit\">G\u1eedi<\/button><img decoding=\"async\" src=\"https:\/\/gapskplus.org\/wp-content\/plugins\/wpforms\/assets\/images\/submit-spin.svg\" class=\"wpforms-submit-spinner\" style=\"display: none;\" width=\"26\" height=\"26\" alt=\"Loading\"><\/div><input type=\"hidden\" name=\"trp-form-language\" value=\"vi\"\/><\/form><\/div>  <!-- .wpforms-container -->\t\t\t\t<\/div>\n\t\t\t\t<\/div>\n\t\t\t\t\t<\/div>\n\t\t\t\t<\/div>\n\t\t\t\t<\/div>","protected":false},"excerpt":{"rendered":"<p>&lt;&lt;\u570b\u969b\u4e2d\u82f1\u6587\u6717\u8aa6\u6bd4\u8cfd&gt;&gt; \u5831\u540d\u8868\u683c Please enable JavaScript [&hellip;] [&hellip;]<\/p>","protected":false},"author":1,"featured_media":0,"parent":0,"menu_order":0,"comment_status":"closed","ping_status":"closed","template":"","meta":{"_monsterinsights_skip_tracking":false,"_monsterinsights_sitenote_active":false,"_monsterinsights_sitenote_note":"","_monsterinsights_sitenote_category":0,"footnotes":""},"class_list":["post-603","page","type-page","status-publish","hentry"],"_links":{"self":[{"href":"https:\/\/gapskplus.org\/vi\/wp-json\/wp\/v2\/pages\/603","targetHints":{"allow":["GET"]}}],"collection":[{"href":"https:\/\/gapskplus.org\/vi\/wp-json\/wp\/v2\/pages"}],"about":[{"href":"https:\/\/gapskplus.org\/vi\/wp-json\/wp\/v2\/types\/page"}],"author":[{"embeddable":true,"href":"https:\/\/gapskplus.org\/vi\/wp-json\/wp\/v2\/users\/1"}],"replies":[{"embeddable":true,"href":"https:\/\/gapskplus.org\/vi\/wp-json\/wp\/v2\/comments?post=603"}],"version-history":[{"count":28,"href":"https:\/\/gapskplus.org\/vi\/wp-json\/wp\/v2\/pages\/603\/revisions"}],"predecessor-version":[{"id":2126,"href":"https:\/\/gapskplus.org\/vi\/wp-json\/wp\/v2\/pages\/603\/revisions\/2126"}],"wp:attachment":[{"href":"https:\/\/gapskplus.org\/vi\/wp-json\/wp\/v2\/media?parent=603"}],"curies":[{"name":"wp","href":"https:\/\/api.w.org\/{rel}","templated":true}]}}